{"id":698,"date":"2016-12-12T18:30:06","date_gmt":"2016-12-12T17:30:06","guid":{"rendered":"https:\/\/locomotives-historiques-lausanne.ch\/nds\/?page_id=698"},"modified":"2023-05-21T12:22:17","modified_gmt":"2023-05-21T10:22:17","slug":"depot_2015","status":"publish","type":"page","link":"https:\/\/locomotives-historiques-lausanne.ch\/nds\/depot_2015\/","title":{"rendered":"depot_2015"},"content":{"rendered":"<p><span style=\"font-family: arial, helvetica, sans-serif; font-size: 18pt;\">Journ\u00e9es de travail 2015 au d\u00e9p\u00f4t de Saint-Maurice (VS)<\/span><\/p>\n\n\nngg_shortcode_0_placeholder\n\n\n","protected":false},"excerpt":{"rendered":"<p>Journ\u00e9es de travail 2015 au d\u00e9p\u00f4t de Saint-Maurice (VS)<\/p>\n","protected":false},"author":1,"featured_media":0,"parent":0,"menu_order":0,"comment_status":"closed","ping_status":"closed","template":"","meta":{"ngg_post_thumbnail":0,"footnotes":""},"class_list":["post-698","page","type-page","status-publish","hentry"],"_links":{"self":[{"href":"https:\/\/locomotives-historiques-lausanne.ch\/nds\/wp-json\/wp\/v2\/pages\/698","targetHints":{"allow":["GET"]}}],"collection":[{"href":"https:\/\/locomotives-historiques-lausanne.ch\/nds\/wp-json\/wp\/v2\/pages"}],"about":[{"href":"https:\/\/locomotives-historiques-lausanne.ch\/nds\/wp-json\/wp\/v2\/types\/page"}],"author":[{"embeddable":true,"href":"https:\/\/locomotives-historiques-lausanne.ch\/nds\/wp-json\/wp\/v2\/users\/1"}],"replies":[{"embeddable":true,"href":"https:\/\/locomotives-historiques-lausanne.ch\/nds\/wp-json\/wp\/v2\/comments?post=698"}],"version-history":[{"count":12,"href":"https:\/\/locomotives-historiques-lausanne.ch\/nds\/wp-json\/wp\/v2\/pages\/698\/revisions"}],"predecessor-version":[{"id":11916,"href":"https:\/\/locomotives-historiques-lausanne.ch\/nds\/wp-json\/wp\/v2\/pages\/698\/revisions\/11916"}],"wp:attachment":[{"href":"https:\/\/locomotives-historiques-lausanne.ch\/nds\/wp-json\/wp\/v2\/media?parent=698"}],"curies":[{"name":"wp","href":"https:\/\/api.w.org\/{rel}","templated":true}]}}