{"id":5020,"date":"2019-04-08T19:22:38","date_gmt":"2019-04-08T17:22:38","guid":{"rendered":"http:\/\/www.locomotives-historiques-lausanne.ch\/?page_id=5020"},"modified":"2023-05-21T12:23:11","modified_gmt":"2023-05-21T10:23:11","slug":"depot_2019","status":"publish","type":"page","link":"https:\/\/locomotives-historiques-lausanne.ch\/nds\/depot_2019\/","title":{"rendered":"depot_2019"},"content":{"rendered":"<p><span style=\"font-family: arial, helvetica, sans-serif; font-size: 18pt;\">Journ\u00e9es de travail 2019 au d\u00e9p\u00f4t de Saint-Maurice (VS)<\/span><\/p>\nngg_shortcode_0_placeholder\n","protected":false},"excerpt":{"rendered":"<p>Journ\u00e9es de travail 2019 au d\u00e9p\u00f4t de Saint-Maurice (VS)<\/p>\n","protected":false},"author":1,"featured_media":0,"parent":0,"menu_order":0,"comment_status":"closed","ping_status":"closed","template":"","meta":{"ngg_post_thumbnail":0,"footnotes":""},"class_list":["post-5020","page","type-page","status-publish","hentry"],"_links":{"self":[{"href":"https:\/\/locomotives-historiques-lausanne.ch\/nds\/wp-json\/wp\/v2\/pages\/5020","targetHints":{"allow":["GET"]}}],"collection":[{"href":"https:\/\/locomotives-historiques-lausanne.ch\/nds\/wp-json\/wp\/v2\/pages"}],"about":[{"href":"https:\/\/locomotives-historiques-lausanne.ch\/nds\/wp-json\/wp\/v2\/types\/page"}],"author":[{"embeddable":true,"href":"https:\/\/locomotives-historiques-lausanne.ch\/nds\/wp-json\/wp\/v2\/users\/1"}],"replies":[{"embeddable":true,"href":"https:\/\/locomotives-historiques-lausanne.ch\/nds\/wp-json\/wp\/v2\/comments?post=5020"}],"version-history":[{"count":4,"href":"https:\/\/locomotives-historiques-lausanne.ch\/nds\/wp-json\/wp\/v2\/pages\/5020\/revisions"}],"predecessor-version":[{"id":11179,"href":"https:\/\/locomotives-historiques-lausanne.ch\/nds\/wp-json\/wp\/v2\/pages\/5020\/revisions\/11179"}],"wp:attachment":[{"href":"https:\/\/locomotives-historiques-lausanne.ch\/nds\/wp-json\/wp\/v2\/media?parent=5020"}],"curies":[{"name":"wp","href":"https:\/\/api.w.org\/{rel}","templated":true}]}}