{"id":3100,"date":"2016-12-26T12:23:31","date_gmt":"2016-12-26T11:23:31","guid":{"rendered":"http:\/\/www.locomotives-historiques-lausanne.ch\/?page_id=3100"},"modified":"2021-05-24T09:48:37","modified_gmt":"2021-05-24T07:48:37","slug":"impressum","status":"publish","type":"page","link":"https:\/\/locomotives-historiques-lausanne.ch\/nds\/impressum\/","title":{"rendered":"Impressum"},"content":{"rendered":"<p><strong><span style=\"font-size: 24pt;\">Impressum<\/span><\/strong><\/p>\n<p><strong><span style=\"font-size: 14pt;\">\u00c9diteur et contenu<\/span><\/strong><\/p>\n<p>Team des Locomotives CFF Historiques de LAUSANNE<br \/>\nSous le Scex 5<br \/>\nCH-1890 St-Maurice<br \/>\n<a href=\"mailto:contact@locomotives-historiques-Lausanne.ch\">contact[at]locomotives-historiques-Lausanne.ch<\/a><\/p>\n<p><strong><span style=\"font-size: 14pt;\">Renvois et liens<\/span><\/strong><\/p>\n<p style=\"text-align: justify;\">Les renvois et les liens menant vers des sites Internet de tiers ne sont pas sous la responsabilit\u00e9 du Team des Locomotives CFF Historiques de LAUSANNE. L&rsquo;acc\u00e8s \u00e0 ces sites et leur utilisation se font aux risques de l\u2019utilisatrice ou de l\u2019utilisateur.&nbsp;Le Team des Locomotives CFF Historiques de LAUSANNE&nbsp;d\u00e9clare express\u00e9ment n\u2019avoir aucune influence sur la forme, le contenu et les offres des pages auxquelles m\u00e8nent ces liens. La responsabilit\u00e9 des informations et des prestations de ces pages Internet incombe aux tiers en question. Nous d\u00e9clinons toute responsabilit\u00e9 quant au contenu de ces pages Internet.<\/p>\n<p><strong><span style=\"font-size: 14pt;\">Copyright<\/span><\/strong><\/p>\n<p style=\"text-align: justify;\">Copyright Team des Locomotives CFF Historiques de LAUSANNE.<br \/>\nLes informations contenues sur les pages Internet du Team des Locomotives CFF Historiques de LAUSANNE&nbsp;sont mises \u00e0 la disposition du public. Aucun droit sur les contenus n\u2019est transmis par le t\u00e9l\u00e9chargement ou la copie de contenus, images, photos ou autres donn\u00e9es.<\/p>\n<p style=\"text-align: justify;\">Les droits d\u2019auteur et tous les autres droits sur les contenus, images, photos ou autres donn\u00e9es figurant sur les pages Internet du Team des Locomotives CFF Historiques de LAUSANNE&nbsp;sont sa propri\u00e9t\u00e9 exclusive ou celle des d\u00e9tenteurs des droits cit\u00e9s express\u00e9ment. Toute reproduction est soumise \u00e0 l&rsquo;autorisation \u00e9crite pr\u00e9alable du d\u00e9tenteur des droits d\u2019auteur.<\/p>\n<p><strong><span style=\"font-size: 14pt;\">Google Analytics<\/span><\/strong><\/p>\n<p>Ce site utilise Google Analytics, un service d\u2019analyse de sites Internet fourni par Google Inc. (\u00abGoogle\u00bb). Google Analytics utilise des \u00abcookies\u00bb, des fichiers texte qui sont stock\u00e9s sur votre ordinateur et permettent une analyse de votre utilisation du site web. Les informations g\u00e9n\u00e9r\u00e9es par les cookies concernant votre utilisation du site (y compris votre adresse IP) sont transmises \u00e0 un serveur de Google aux \u00c9tats-Unis et y sont enregistr\u00e9es. Google utilisera ces informations pour \u00e9valuer votre utilisation du site, compiler des rapports sur l\u2019activit\u00e9 du site pour ses exploitants et fournir d\u2019autres services en lien avec l\u2019utilisation du site et d\u2019Internet. Google peut \u00e9galement transf\u00e9rer ces informations \u00e0 des tiers lorsque cela est requis par la loi ou lorsque ces tiers traitent les donn\u00e9es en question pour le compte de Google. Google ne mettra jamais votre adresse IP en lien avec d&rsquo;autres donn\u00e9es d\u00e9tenues par Google.&nbsp;<br \/>\nVous pouvez refuser l\u2019utilisation de cookies en s\u00e9lectionnant les param\u00e8tres appropri\u00e9s de votre navigateur; toutefois, dans ce cas, vous pourriez ne pas \u00eatre en mesure d\u2019utiliser toutes les fonctionnalit\u00e9s du site. En utilisant ce site, vous consentez express\u00e9ment au traitement des donn\u00e9es rassembl\u00e9es par Google \u00e0 votre sujet, dans les conditions d\u00e9crites ci-dessus et aux fins \u00e9nonc\u00e9es ci-dessus.<\/p>\n<p><strong><span style=\"font-size: 14pt;\">D\u00e9claration de protection des donn\u00e9es pour l\u2019utilisation des plugins Facebook<\/span><\/strong><\/p>\n<p style=\"text-align: justify;\">Sur nos pages sont int\u00e9gr\u00e9s des plugins du r\u00e9seau social Facebook, 1601 South California Avenue, Palo Alto, CA 94304, \u00c9tats-Unis. &nbsp;Vous pouvez identifier les plugins Facebook au logo Facebook ou au bouton \u00abj\u2019aime\u00bb figurant sur notre site. &nbsp;Vous trouverez ici un aper\u00e7u des plugins Facebook:<br \/>\n<a href=\"http:\/\/developers.facebook.com\/docs\/plugins\/\" target=\"_blank\" rel=\"noopener\">http:\/\/developers.facebook.com\/docs\/plugins\/<\/a> Lorsque vous visitez nos pages, le plugin \u00e9tablit une connexion directe entre votre navigateur et le serveur Facebook. &nbsp;Facebook re\u00e7oit alors l\u2019information que vous avez visit\u00e9 notre site avec votre adresse IP.<br \/>\nSi vous cliquez sur le bouton \u00abj\u2019aime\u00bb de Facebook alors que vous \u00eates connect\u00e9(e) sur votre compte Facebook, vous pouvez \u00e9tablir un lien entre les contenus de nos pages et votre profil Facebook. &nbsp;Cela permet \u00e0 Facebook d\u2019associer votre visite sur notre site Internet \u00e0 votre compte d\u2019utilisateur. &nbsp;Nous signalons qu\u2019en tant que fournisseur des pages, nous n\u2019obtenons aucune information sur le contenu des donn\u00e9es transmises ou sur leur utilisation&nbsp; par Facebook. &nbsp;Vous trouverez de plus amples informations dans la d\u00e9claration de protection des donn\u00e9es de Facebook sous <a href=\"http:\/\/fr-fr.facebook.com\/about\/privacy\" target=\"_blank\" rel=\"noopener\">https:\/\/fr-fr.facebook.com\/about\/privacy\/<\/a>.<br \/>\nSi vous ne souhaitez pas que Facebook associe la visite de notre site \u00e0 votre compte Facebook, veuillez vous d\u00e9connecter de Facebook.<\/p>\n","protected":false},"excerpt":{"rendered":"<p>Impressum \u00c9diteur et contenu Team des Locomotives CFF Historiques de LAUSANNE Sous le Scex 5 CH-1890 St-Maurice contact[at]locomotives-historiques-Lausanne.ch Renvois et liens Les renvois et les liens menant vers des sites Internet de tiers ne sont &hellip;<\/p>\n","protected":false},"author":1,"featured_media":0,"parent":0,"menu_order":0,"comment_status":"closed","ping_status":"closed","template":"","meta":{"ngg_post_thumbnail":0,"footnotes":""},"class_list":["post-3100","page","type-page","status-publish","hentry"],"_links":{"self":[{"href":"https:\/\/locomotives-historiques-lausanne.ch\/nds\/wp-json\/wp\/v2\/pages\/3100","targetHints":{"allow":["GET"]}}],"collection":[{"href":"https:\/\/locomotives-historiques-lausanne.ch\/nds\/wp-json\/wp\/v2\/pages"}],"about":[{"href":"https:\/\/locomotives-historiques-lausanne.ch\/nds\/wp-json\/wp\/v2\/types\/page"}],"author":[{"embeddable":true,"href":"https:\/\/locomotives-historiques-lausanne.ch\/nds\/wp-json\/wp\/v2\/users\/1"}],"replies":[{"embeddable":true,"href":"https:\/\/locomotives-historiques-lausanne.ch\/nds\/wp-json\/wp\/v2\/comments?post=3100"}],"version-history":[{"count":15,"href":"https:\/\/locomotives-historiques-lausanne.ch\/nds\/wp-json\/wp\/v2\/pages\/3100\/revisions"}],"predecessor-version":[{"id":11251,"href":"https:\/\/locomotives-historiques-lausanne.ch\/nds\/wp-json\/wp\/v2\/pages\/3100\/revisions\/11251"}],"wp:attachment":[{"href":"https:\/\/locomotives-historiques-lausanne.ch\/nds\/wp-json\/wp\/v2\/media?parent=3100"}],"curies":[{"name":"wp","href":"https:\/\/api.w.org\/{rel}","templated":true}]}}