{"id":3031,"date":"2016-12-25T20:41:27","date_gmt":"2016-12-25T19:41:27","guid":{"rendered":"http:\/\/www.locomotives-historiques-lausanne.ch\/?page_id=3031"},"modified":"2021-12-29T10:16:32","modified_gmt":"2021-12-29T09:16:32","slug":"le-team","status":"publish","type":"page","link":"https:\/\/locomotives-historiques-lausanne.ch\/nds\/le-team\/","title":{"rendered":"Le Team"},"content":{"rendered":"<p><strong><span style=\"font-family: tahoma, arial, helvetica, sans-serif; font-size: 18pt;\">Le Team<\/span><\/strong><\/p>\n<table style=\"border-color: #ffffff; width: 800px; height: 213px;\" cellspacing=\"20\">\n<tbody>\n<tr style=\"border-color: #ffffff;\">\n<td style=\"border-color: #ffffff; width: 197.3px;\"><img loading=\"lazy\" decoding=\"async\" class=\"aligncenter size-full\" src=\"https:\/\/locomotives-historiques-lausanne.ch\/nds\/wp-content\/gallery\/trombi\/Olivier.jpg\" width=\"150\" height=\"200\"><\/td>\n<td style=\"border-color: #ffffff; width: 567.7px; vertical-align: top;\"><span style=\"font-family: tahoma, arial, helvetica, sans-serif;\"><strong><span style=\"font-size: 14pt;\">Olivier Mury<\/span><\/strong>&nbsp;<\/span>&nbsp;&nbsp;&nbsp;<\/p>\n<p><span style=\"font-family: tahoma, arial, helvetica, sans-serif; font-size: 14pt;\"><span style=\"font-size: 12pt;\">Pr\u00e9sident (\u00e0 vie)<\/span><\/span><\/td>\n<\/tr>\n<\/tbody>\n<\/table>\n<table style=\"border-color: #ffffff; width: 800px; height: 213px;\" cellspacing=\"20\">\n<tbody>\n<tr style=\"border-color: #ffffff;\">\n<td style=\"border-color: #ffffff; width: 197.3px;\"><img loading=\"lazy\" decoding=\"async\" class=\"size-full aligncenter\" src=\"https:\/\/locomotives-historiques-lausanne.ch\/nds\/wp-content\/gallery\/trombi\/Jean-Marie.jpg\" width=\"150\" height=\"200\"><\/td>\n<td style=\"border-color: #ffffff; width: 567.7px; text-align: left; vertical-align: top;\"><span style=\"font-size: 14pt; font-family: tahoma, arial, helvetica, sans-serif;\"><strong>Jean-Marie Marmy<\/strong>&nbsp;<\/span>&nbsp;&nbsp;&nbsp;<\/p>\n<p><span style=\"font-family: tahoma, arial, helvetica, sans-serif; font-size: 14pt;\"><span style=\"font-size: 12pt;\">M\u00e9cano<\/span><\/span><\/td>\n<\/tr>\n<\/tbody>\n<\/table>\n<table style=\"border-color: #ffffff; width: 800px; height: 213px;\" cellspacing=\"20\">\n<tbody>\n<tr>\n<td style=\"border-color: #ffffff; width: 197.3px;\"><img loading=\"lazy\" decoding=\"async\" class=\"aligncenter size-full\" src=\"https:\/\/locomotives-historiques-lausanne.ch\/nds\/wp-content\/gallery\/trombi\/Jess.jpg\" width=\"150\" height=\"200\"><\/td>\n<td style=\"border-color: #ffffff; width: 567.7px; text-align: left; vertical-align: top;\"><span style=\"font-family: tahoma, arial, helvetica, sans-serif;\"><strong><span style=\"font-size: 14pt;\">J<\/span><\/strong><strong><span style=\"font-size: 14pt;\">ean-Eric Seewer dit \u00ab\u00a0Jes\u00a0\u00bb<\/span><\/strong><\/span>&nbsp;&nbsp;&nbsp;&nbsp;<\/p>\n<p><span style=\"font-family: tahoma, arial, helvetica, sans-serif; font-size: 14pt;\"><span style=\"font-size: 12pt;\">Intendant du d\u00e9p\u00f4t et ancien membre de l&rsquo;association 10264<\/span><\/span><\/td>\n<\/tr>\n<\/tbody>\n<\/table>\n<table style=\"border-color: #ffffff; width: 799.28px; height: 213px;\" cellspacing=\"20\">\n<tbody>\n<tr>\n<td style=\"border-color: #ffffff; width: 197px;\"><img loading=\"lazy\" decoding=\"async\" class=\"aligncenter size-full\" src=\"https:\/\/locomotives-historiques-lausanne.ch\/nds\/wp-content\/gallery\/trombi\/Fred.jpg\" width=\"150\" height=\"200\"><\/td>\n<td style=\"border-color: #ffffff; width: 567.28px; text-align: left; vertical-align: top;\"><span style=\"font-family: tahoma, arial, helvetica, sans-serif;\"><strong><span style=\"font-size: 14pt;\">Fr\u00e9d\u00e9ric Riat<\/span><\/strong>&nbsp;<\/span>&nbsp;&nbsp;&nbsp;<\/p>\n<p><span style=\"font-family: tahoma, arial, helvetica, sans-serif; font-size: 14pt;\"><span style=\"font-size: 12pt;\">Caissier<\/span><\/span><\/td>\n<\/tr>\n<\/tbody>\n<\/table>\n<table style=\"border-color: #ffffff; width: 800px; height: 213px;\" cellspacing=\"20\">\n<tbody>\n<tr>\n<td style=\"border-color: #ffffff; width: 197.3px;\"><img loading=\"lazy\" decoding=\"async\" class=\"aligncenter size-full\" src=\"https:\/\/locomotives-historiques-lausanne.ch\/nds\/wp-content\/gallery\/trombi\/Gilbert.jpg\" width=\"150\" height=\"200\"><\/td>\n<td style=\"border-color: #ffffff; width: 567.7px; text-align: left; vertical-align: top;\"><span style=\"font-family: tahoma, arial, helvetica, sans-serif;\"><strong><span style=\"font-size: 14pt;\">Gilbert Mayor<\/span><\/strong>&nbsp;<\/span>&nbsp;&nbsp;&nbsp;<\/p>\n<p><span style=\"font-family: tahoma, arial, helvetica, sans-serif; font-size: 14pt;\"><span style=\"font-size: 12pt;\">M\u00e9cano<\/span><\/span><\/td>\n<\/tr>\n<\/tbody>\n<\/table>\n<table style=\"border-color: #ffffff; width: 800px; height: 213px;\" cellspacing=\"20\">\n<tbody>\n<tr>\n<td style=\"border-color: #ffffff; width: 197.3px;\"><img loading=\"lazy\" decoding=\"async\" class=\"aligncenter size-full\" src=\"https:\/\/locomotives-historiques-lausanne.ch\/nds\/wp-content\/gallery\/trombi\/Bertrand.jpg\" width=\"150\" height=\"200\"><\/td>\n<td style=\"border-color: #ffffff; width: 567.7px; text-align: left; vertical-align: top;\"><span style=\"font-family: tahoma, arial, helvetica, sans-serif;\"><strong><span style=\"font-size: 14pt;\">Bertrand Francey<\/span><\/strong>&nbsp;<\/span>&nbsp;&nbsp;&nbsp;<\/p>\n<p><span style=\"font-family: tahoma, arial, helvetica, sans-serif; font-size: 14pt;\"><span style=\"font-size: 12pt;\">M\u00e9cano et photographe de team<\/span><\/span><\/td>\n<\/tr>\n<\/tbody>\n<\/table>\n<table style=\"border-color: #ffffff; width: 799px; height: 213px;\" cellspacing=\"20\">\n<tbody>\n<tr>\n<td style=\"border-color: #ffffff; width: 197.28px;\"><img loading=\"lazy\" decoding=\"async\" class=\"aligncenter size-full\" src=\"https:\/\/locomotives-historiques-lausanne.ch\/nds\/wp-content\/gallery\/trombi\/Alex.jpg\" width=\"150\" height=\"200\"><\/td>\n<td style=\"border-color: #ffffff; width: 566.71px; text-align: left; vertical-align: top;\"><span style=\"font-family: tahoma, arial, helvetica, sans-serif;\"><strong><span style=\"font-size: 14pt;\">Alexandre Maillot<\/span><\/strong>&nbsp;<\/span>&nbsp;&nbsp;&nbsp;<\/p>\n<p><span style=\"font-family: tahoma, arial, helvetica, sans-serif; font-size: 14pt;\"><span style=\"font-size: 12pt;\">Webmaster et photographe de team<\/span><\/span><\/td>\n<\/tr>\n<\/tbody>\n<\/table>\n<table style=\"border-color: #ffffff; width: 800px; height: 213px;\" cellspacing=\"20\">\n<tbody>\n<tr>\n<td style=\"border-color: #ffffff; width: 197.3px;\"><img loading=\"lazy\" decoding=\"async\" class=\"aligncenter size-full\" src=\"https:\/\/locomotives-historiques-lausanne.ch\/nds\/wp-content\/gallery\/trombi\/Alain.jpg\" width=\"150\" height=\"200\"><\/td>\n<td style=\"border-color: #ffffff; width: 567.7px; text-align: left; vertical-align: top;\"><span style=\"font-family: tahoma, arial, helvetica, sans-serif;\"><strong><span style=\"font-size: 14pt;\">Alain K\u00e4gi<\/span><\/strong>&nbsp;<\/span>&nbsp;&nbsp;&nbsp;<\/p>\n<p><span style=\"font-family: tahoma, arial, helvetica, sans-serif; font-size: 14pt;\"><span style=\"font-size: 12pt;\">Ancien membre de l&rsquo;association 10624<\/span><\/span><\/td>\n<\/tr>\n<\/tbody>\n<\/table>\n<table style=\"border-color: #ffffff; width: 800px; height: 213px;\" cellspacing=\"20\">\n<tbody>\n<tr>\n<td style=\"border-color: #ffffff; width: 197.3px;\"><img loading=\"lazy\" decoding=\"async\" class=\"size-full aligncenter\" src=\"https:\/\/locomotives-historiques-lausanne.ch\/nds\/wp-content\/gallery\/trombi\/CAG.jpg\" width=\"150\" height=\"200\"><\/td>\n<td style=\"border-color: #ffffff; width: 567.7px; text-align: left; vertical-align: top;\"><span style=\"font-family: tahoma, arial, helvetica, sans-serif;\"><strong><span style=\"font-size: 14pt;\">Claude-Alain Gyger<\/span><\/strong><\/span>&nbsp;&nbsp;&nbsp;&nbsp;<\/p>\n<p><span style=\"font-family: tahoma, arial, helvetica, sans-serif; font-size: 14pt;\"><span style=\"font-size: 12pt;\">M\u00e9cano<\/span><\/span><\/td>\n<\/tr>\n<\/tbody>\n<\/table>\n<table style=\"border-color: #ffffff; width: 800px; height: 213px;\" cellspacing=\"20\">\n<tbody>\n<tr>\n<td style=\"border-color: #ffffff; width: 197.3px;\"><img loading=\"lazy\" decoding=\"async\" class=\"size-full aligncenter\" src=\"https:\/\/locomotives-historiques-lausanne.ch\/nds\/wp-content\/gallery\/trombi\/Gilles.jpg\" width=\"150\" height=\"200\"><\/td>\n<td style=\"border-color: #ffffff; width: 567.7px; text-align: left; vertical-align: top;\"><span style=\"font-family: tahoma, arial, helvetica, sans-serif;\"><strong><span style=\"font-size: 14pt;\">Gilles Durgniat<\/span><\/strong>&nbsp;<\/span>&nbsp;&nbsp;&nbsp;<\/p>\n<p><span style=\"font-family: tahoma, arial, helvetica, sans-serif; font-size: 14pt;\"><span style=\"font-size: 12pt;\">M\u00e9cano<\/span><\/span><\/td>\n<\/tr>\n<\/tbody>\n<\/table>\n<table style=\"border-color: #ffffff; width: 800px; height: 213px;\" cellspacing=\"20\">\n<tbody>\n<tr>\n<td style=\"border-color: #ffffff; width: 197.3px;\">&nbsp;<img loading=\"lazy\" decoding=\"async\" class=\"aligncenter size-full\" src=\"https:\/\/locomotives-historiques-lausanne.ch\/nds\/wp-content\/gallery\/trombi\/Lois.jpg\" width=\"150\" height=\"200\"><\/td>\n<td style=\"border-color: #ffffff; width: 567.7px; text-align: left; vertical-align: top;\"><span style=\"font-family: tahoma, arial, helvetica, sans-serif;\"><strong><span style=\"font-size: 14pt;\">Lo\u00efs Ruffieux<\/span><\/strong>&nbsp;<\/span>&nbsp;&nbsp;<\/p>\n<p>&nbsp;<\/p>\n<p><span style=\"font-family: tahoma, arial, helvetica, sans-serif; font-size: 14pt;\"><span style=\"font-size: 12pt;\">Vice pr\u00e9sident et chef de d\u00e9p\u00f4t<\/span><\/span><\/td>\n<\/tr>\n<\/tbody>\n<\/table>\n<table style=\"border-color: #ffffff; width: 800px; height: 213px;\" cellspacing=\"20\">\n<tbody>\n<tr>\n<td style=\"border-color: #ffffff; width: 197.3px;\"><img loading=\"lazy\" decoding=\"async\" class=\"size-full aligncenter\" src=\"https:\/\/locomotives-historiques-lausanne.ch\/nds\/wp-content\/gallery\/trombi\/Raph.jpg\" width=\"150\" height=\"200\"><\/td>\n<td style=\"border-color: #ffffff; width: 567.7px; text-align: left; vertical-align: top;\"><span style=\"font-family: tahoma, arial, helvetica, sans-serif;\"><strong><span style=\"font-size: 14pt;\">Rapha\u00ebl Mathez<\/span><\/strong>&nbsp;<\/span>&nbsp;&nbsp;&nbsp;<\/p>\n<p><span style=\"font-family: tahoma, arial, helvetica, sans-serif; font-size: 14pt;\"><span style=\"font-size: 12pt;\">Membre actif<\/span><\/span><\/td>\n<\/tr>\n<\/tbody>\n<\/table>\n<table style=\"border-color: #ffffff; width: 800px; height: 213px;\" cellspacing=\"20\">\n<tbody>\n<tr>\n<td style=\"border-color: #ffffff; width: 197.3px;\"><img loading=\"lazy\" decoding=\"async\" class=\"aligncenter\" src=\"https:\/\/locomotives-historiques-lausanne.ch\/nds\/wp-content\/gallery\/trombi\/No-Pic.jpg?i=900683640\" alt=\"\" width=\"150\" height=\"200\"><\/td>\n<td style=\"border-color: #ffffff; width: 567.7px; text-align: left; vertical-align: top;\"><span style=\"font-family: tahoma, arial, helvetica, sans-serif;\"><strong><span style=\"font-size: 14pt;\">Jo\u00ebl Durgniat<\/span><\/strong>&nbsp;<\/span>&nbsp;&nbsp;&nbsp;<\/p>\n<p><span style=\"font-family: tahoma, arial, helvetica, sans-serif; font-size: 14pt;\"><span style=\"font-size: 12pt;\">Membre actif<\/span><\/span><\/td>\n<\/tr>\n<\/tbody>\n<\/table>\n<table style=\"border-color: #ffffff; width: 800px; height: 213px;\" cellspacing=\"20\">\n<tbody>\n<tr>\n<td style=\"border-color: #ffffff; width: 197.3px;\"><img loading=\"lazy\" decoding=\"async\" class=\"aligncenter size-full\" src=\"https:\/\/locomotives-historiques-lausanne.ch\/nds\/wp-content\/gallery\/trombi\/Nath.jpg\" width=\"150\" height=\"200\"><\/td>\n<td style=\"border-color: #ffffff; width: 567.7px; text-align: left; vertical-align: top;\"><span style=\"font-family: tahoma, arial, helvetica, sans-serif;\"><strong><span style=\"font-size: 14pt;\">Nathalie Gyger<\/span><\/strong><\/span>&nbsp;&nbsp;&nbsp;&nbsp;<\/p>\n<p><span style=\"font-family: tahoma, arial, helvetica, sans-serif; font-size: 14pt;\"><span style=\"font-size: 12pt;\">Membre actif<\/span><\/span><\/td>\n<\/tr>\n<\/tbody>\n<\/table>\n<table style=\"border-color: #ffffff; width: 800px; height: 213px;\" cellspacing=\"20\">\n<tbody>\n<tr>\n<td style=\"border-color: #ffffff; width: 197.3px;\"><img loading=\"lazy\" decoding=\"async\" class=\"size-full aligncenter\" src=\"https:\/\/locomotives-historiques-lausanne.ch\/nds\/wp-content\/gallery\/trombi\/Loic.jpg\" width=\"150\" height=\"200\"><\/td>\n<td style=\"border-color: #ffffff; width: 567.7px; text-align: left; vertical-align: top;\"><span style=\"font-family: tahoma, arial, helvetica, sans-serif;\"><strong><span style=\"font-size: 14pt;\">Lo\u00efc Giroud<\/span><\/strong><\/span>&nbsp;&nbsp;&nbsp;&nbsp;<\/p>\n<p><span style=\"font-family: tahoma, arial, helvetica, sans-serif; font-size: 14pt;\"><span style=\"font-size: 12pt;\">Membre actif<\/span><\/span><\/td>\n<\/tr>\n<\/tbody>\n<\/table>\n<table style=\"border-color: #ffffff; width: 800px; height: 213px;\" cellspacing=\"20\">\n<tbody>\n<tr>\n<td style=\"border-color: #ffffff; width: 197.3px;\"><img loading=\"lazy\" decoding=\"async\" class=\"size-full aligncenter\" src=\"https:\/\/locomotives-historiques-lausanne.ch\/nds\/wp-content\/gallery\/trombi\/Lionel.jpg\" width=\"150\" height=\"200\"><\/td>\n<td style=\"border-color: #ffffff; width: 567.7px; text-align: left; vertical-align: top;\"><span style=\"font-family: tahoma, arial, helvetica, sans-serif;\"><strong><span style=\"font-size: 14pt;\">Lionel Bezen\u00e7on<\/span><\/strong>&nbsp;<\/span>&nbsp;&nbsp;&nbsp;<\/p>\n<p><span style=\"font-family: tahoma, arial, helvetica, sans-serif; font-size: 14pt;\"><span style=\"font-size: 12pt;\">Membre actif<\/span><\/span><\/td>\n<\/tr>\n<\/tbody>\n<\/table>\n","protected":false},"excerpt":{"rendered":"<p>Le Team Olivier Mury&nbsp;&nbsp;&nbsp;&nbsp; Pr\u00e9sident (\u00e0 vie) Jean-Marie Marmy&nbsp;&nbsp;&nbsp;&nbsp; M\u00e9cano Jean-Eric Seewer dit \u00ab\u00a0Jes\u00a0\u00bb&nbsp;&nbsp;&nbsp;&nbsp; Intendant du d\u00e9p\u00f4t et ancien membre de l&rsquo;association 10264 Fr\u00e9d\u00e9ric Riat&nbsp;&nbsp;&nbsp;&nbsp; Caissier Gilbert Mayor&nbsp;&nbsp;&nbsp;&nbsp; M\u00e9cano Bertrand Francey&nbsp;&nbsp;&nbsp;&nbsp; M\u00e9cano et photographe de &hellip;<\/p>\n","protected":false},"author":1,"featured_media":0,"parent":0,"menu_order":0,"comment_status":"closed","ping_status":"closed","template":"","meta":{"ngg_post_thumbnail":0,"footnotes":""},"class_list":["post-3031","page","type-page","status-publish","hentry"],"_links":{"self":[{"href":"https:\/\/locomotives-historiques-lausanne.ch\/nds\/wp-json\/wp\/v2\/pages\/3031","targetHints":{"allow":["GET"]}}],"collection":[{"href":"https:\/\/locomotives-historiques-lausanne.ch\/nds\/wp-json\/wp\/v2\/pages"}],"about":[{"href":"https:\/\/locomotives-historiques-lausanne.ch\/nds\/wp-json\/wp\/v2\/types\/page"}],"author":[{"embeddable":true,"href":"https:\/\/locomotives-historiques-lausanne.ch\/nds\/wp-json\/wp\/v2\/users\/1"}],"replies":[{"embeddable":true,"href":"https:\/\/locomotives-historiques-lausanne.ch\/nds\/wp-json\/wp\/v2\/comments?post=3031"}],"version-history":[{"count":42,"href":"https:\/\/locomotives-historiques-lausanne.ch\/nds\/wp-json\/wp\/v2\/pages\/3031\/revisions"}],"predecessor-version":[{"id":11515,"href":"https:\/\/locomotives-historiques-lausanne.ch\/nds\/wp-json\/wp\/v2\/pages\/3031\/revisions\/11515"}],"wp:attachment":[{"href":"https:\/\/locomotives-historiques-lausanne.ch\/nds\/wp-json\/wp\/v2\/media?parent=3031"}],"curies":[{"name":"wp","href":"https:\/\/api.w.org\/{rel}","templated":true}]}}