{"id":2834,"date":"2016-12-19T22:24:18","date_gmt":"2016-12-19T21:24:18","guid":{"rendered":"https:\/\/locomotives-historiques-lausanne.ch\/nds\/?page_id=2834"},"modified":"2020-07-23T10:21:41","modified_gmt":"2020-07-23T08:21:41","slug":"fitness","status":"publish","type":"page","link":"https:\/\/locomotives-historiques-lausanne.ch\/nds\/fitness\/","title":{"rendered":"Fitness"},"content":{"rendered":"<h4><strong><span style=\"font-family: tahoma, arial, helvetica, sans-serif; font-size: 18pt;\">Courses Fitness au d\u00e9p\u00f4t<\/span><\/strong><\/h4>\n<p>&nbsp;<\/p>\n<table style=\"border-color: #ffffff; background-color: #ffffff;\">\n<tbody>\n<tr>\n<td style=\"border-color: #ffffff; background-color: #ffffff; width: 20px;\">&nbsp;<\/td>\n<td style=\"border-color: #ffffff; background-color: #ffffff;\">\n<ul>\n<li style=\"text-align: justify;\"><span style=\"font-family: tahoma, arial, helvetica, sans-serif; font-size: 12pt;\">Aucune course fitness n&rsquo;est organis\u00e9e pour le moment sur le site de St-Maurice pour des raisons de s\u00e9curit\u00e9 lors d&rsquo;accueil de personnes \u00e9trang\u00e8res au d\u00e9p\u00f4t.<br \/>\nToutefois, nous sortons nos machines pour leurs d\u00e9gourdirent les roues, lors de nos journ\u00e9es de travail<\/span><\/li>\n<\/ul>\n<\/td>\n<td style=\"border-color: #ffffff; background-color: #ffffff;\">&nbsp;<\/td>\n<\/tr>\n<\/tbody>\n<\/table>\n<p>&nbsp;<\/p>\n","protected":false},"excerpt":{"rendered":"<p>Courses Fitness au d\u00e9p\u00f4t &nbsp; &nbsp; Aucune course fitness n&rsquo;est organis\u00e9e pour le moment sur le site de St-Maurice pour des raisons de s\u00e9curit\u00e9 lors d&rsquo;accueil de personnes \u00e9trang\u00e8res au d\u00e9p\u00f4t. Toutefois, nous sortons nos &hellip;<\/p>\n","protected":false},"author":1,"featured_media":0,"parent":0,"menu_order":0,"comment_status":"closed","ping_status":"closed","template":"","meta":{"ngg_post_thumbnail":0,"footnotes":""},"class_list":["post-2834","page","type-page","status-publish","hentry"],"_links":{"self":[{"href":"https:\/\/locomotives-historiques-lausanne.ch\/nds\/wp-json\/wp\/v2\/pages\/2834","targetHints":{"allow":["GET"]}}],"collection":[{"href":"https:\/\/locomotives-historiques-lausanne.ch\/nds\/wp-json\/wp\/v2\/pages"}],"about":[{"href":"https:\/\/locomotives-historiques-lausanne.ch\/nds\/wp-json\/wp\/v2\/types\/page"}],"author":[{"embeddable":true,"href":"https:\/\/locomotives-historiques-lausanne.ch\/nds\/wp-json\/wp\/v2\/users\/1"}],"replies":[{"embeddable":true,"href":"https:\/\/locomotives-historiques-lausanne.ch\/nds\/wp-json\/wp\/v2\/comments?post=2834"}],"version-history":[{"count":24,"href":"https:\/\/locomotives-historiques-lausanne.ch\/nds\/wp-json\/wp\/v2\/pages\/2834\/revisions"}],"predecessor-version":[{"id":10982,"href":"https:\/\/locomotives-historiques-lausanne.ch\/nds\/wp-json\/wp\/v2\/pages\/2834\/revisions\/10982"}],"wp:attachment":[{"href":"https:\/\/locomotives-historiques-lausanne.ch\/nds\/wp-json\/wp\/v2\/media?parent=2834"}],"curies":[{"name":"wp","href":"https:\/\/api.w.org\/{rel}","templated":true}]}}