{"id":12890,"date":"2026-03-13T20:14:40","date_gmt":"2026-03-13T19:14:40","guid":{"rendered":"https:\/\/locomotives-historiques-lausanne.ch\/nds\/?page_id=12890"},"modified":"2026-03-13T20:22:14","modified_gmt":"2026-03-13T19:22:14","slug":"depot_2025","status":"publish","type":"page","link":"https:\/\/locomotives-historiques-lausanne.ch\/nds\/depot_2025\/","title":{"rendered":"depot_2025"},"content":{"rendered":"<p><span style=\"font-family: arial,helvetica,sans-serif;\"><span style=\"font-size: 18pt;\">Journ\u00e9es de travail 2025 au d\u00e9p\u00f4t de Saint-Maurice (VS)<\/span><br><\/span><\/p>\n\n\nngg_shortcode_0_placeholder\n","protected":false},"excerpt":{"rendered":"<p>Journ\u00e9es de travail 2025 au d\u00e9p\u00f4t de Saint-Maurice (VS)<\/p>\n","protected":false},"author":1,"featured_media":0,"parent":0,"menu_order":0,"comment_status":"closed","ping_status":"closed","template":"","meta":{"ngg_post_thumbnail":0,"footnotes":""},"class_list":["post-12890","page","type-page","status-publish","hentry"],"_links":{"self":[{"href":"https:\/\/locomotives-historiques-lausanne.ch\/nds\/wp-json\/wp\/v2\/pages\/12890","targetHints":{"allow":["GET"]}}],"collection":[{"href":"https:\/\/locomotives-historiques-lausanne.ch\/nds\/wp-json\/wp\/v2\/pages"}],"about":[{"href":"https:\/\/locomotives-historiques-lausanne.ch\/nds\/wp-json\/wp\/v2\/types\/page"}],"author":[{"embeddable":true,"href":"https:\/\/locomotives-historiques-lausanne.ch\/nds\/wp-json\/wp\/v2\/users\/1"}],"replies":[{"embeddable":true,"href":"https:\/\/locomotives-historiques-lausanne.ch\/nds\/wp-json\/wp\/v2\/comments?post=12890"}],"version-history":[{"count":4,"href":"https:\/\/locomotives-historiques-lausanne.ch\/nds\/wp-json\/wp\/v2\/pages\/12890\/revisions"}],"predecessor-version":[{"id":12908,"href":"https:\/\/locomotives-historiques-lausanne.ch\/nds\/wp-json\/wp\/v2\/pages\/12890\/revisions\/12908"}],"wp:attachment":[{"href":"https:\/\/locomotives-historiques-lausanne.ch\/nds\/wp-json\/wp\/v2\/media?parent=12890"}],"curies":[{"name":"wp","href":"https:\/\/api.w.org\/{rel}","templated":true}]}}