{"id":12400,"date":"2023-12-18T22:49:06","date_gmt":"2023-12-18T21:49:06","guid":{"rendered":"https:\/\/locomotives-historiques-lausanne.ch\/nds\/?page_id=12400"},"modified":"2024-05-05T17:29:43","modified_gmt":"2024-05-05T15:29:43","slug":"16-juin-2024p","status":"publish","type":"page","link":"https:\/\/locomotives-historiques-lausanne.ch\/nds\/16-juin-2024p\/","title":{"rendered":"16 juin 2024P"},"content":{"rendered":"<p><span style=\"font-family: tahoma, arial, helvetica, sans-serif; font-size: 24pt;\"><strong>Sortie public du 16 juin 2024 <span style=\"font-size: 14pt;\">(Plusieurs relations ce jour)<\/span><br><\/strong><\/span><\/p>\n<p>&nbsp;<\/p>\n<p><span style=\"font-size: 18pt;\"><strong><span style=\"font-family: tahoma, arial, helvetica, sans-serif;\">Au Swiss Vapeur Parc en train de marchandises<\/span><\/strong><\/span><\/p>\n<p><span style=\"font-family: tahoma, arial, helvetica, sans-serif; font-size: 12pt;\">De nombreux pendulaires utilisent plusieurs moyens de transport: le v\u00e9lo, le bus et le train ne sont pas une combinaison exceptionnelle. Lors de cet \u00e9v\u00e8nement, ce sera la combinaison d\u2019un train de marchandises, d\u2019un bateau \u00e0 vapeur et de mini-locomotives. Int\u00e9ress\u00e9 \u00e0 en savoir plus?<\/span><\/p>\n<p>&nbsp;<\/p>\n<h3><span style=\"font-size: 14pt; font-family: tahoma, arial, helvetica, sans-serif;\">Prestations incluses<\/span><\/h3>\n<p><span style=\"font-size: 12pt; font-family: tahoma, arial, helvetica, sans-serif;\">\u2022 Trajet en train \u00e9lectrique (simple) <br>\u2022 Entr\u00e9e Festival international de la vapeur <br>\u2022 Libre choix des places<\/span><\/p>\n<p>&nbsp;<\/p>\n<h3><span style=\"font-family: tahoma, arial, helvetica, sans-serif; font-size: 14pt;\">Informations sur le mat\u00e9riel roulant<\/span><\/h3>\n<ul>\n<li><span style=\"font-family: tahoma, arial, helvetica, sans-serif; font-size: 12pt;\">Locomotive \u00e9lectrique Ae 4\/7 10976<\/span><\/li>\n<\/ul>\n<p><img loading=\"lazy\" decoding=\"async\" class=\"aligncenter\" src=\"https:\/\/locomotives-historiques-lausanne.ch\/nds\/wp-content\/uploads\/2023\/04\/CH-000699-3RM_T_0029.jpg\" alt=\"\" width=\"800\" height=\"142\"><\/p>\n<ul>\n<li><span style=\"font-family: tahoma, arial, helvetica, sans-serif; font-size: 12pt;\">Voiture de 3\u00e8me classe C3 8395<\/span><\/li>\n<\/ul>\n<p>&nbsp; &nbsp; &nbsp; &nbsp; &nbsp; &nbsp;&nbsp;<img loading=\"lazy\" decoding=\"async\" class=\"aligncenter\" src=\"https:\/\/locomotives-historiques-lausanne.ch\/nds\/wp-content\/uploads\/2023\/12\/C3.jpg\" alt=\"\" width=\"800\" height=\"95\"><\/p>\n<ul>\n<li><span style=\"font-family: tahoma, arial, helvetica, sans-serif; font-size: 12pt;\">Wagon de marchandise K3 43686<\/span><\/li>\n<\/ul>\n<p>&nbsp;<\/p>\n<p>&nbsp;<\/p>\n<p>&nbsp;<\/p>\n<p>&nbsp;<\/p>\n<ul>\n<li><span style=\"font-family: tahoma, arial, helvetica, sans-serif; font-size: 12pt;\">Wagon de marchandise P 534471<\/span><\/li>\n<\/ul>\n<p><img loading=\"lazy\" decoding=\"async\" class=\"aligncenter\" src=\"https:\/\/locomotives-historiques-lausanne.ch\/nds\/wp-content\/uploads\/2023\/12\/Corti.jpg\" alt=\"\" width=\"800\" height=\"106\"><\/p>\n<ul>\n<li><span style=\"font-family: tahoma, arial, helvetica, sans-serif; font-size: 12pt;\">Wagon de marchandise K4 49361<\/span><\/li>\n<\/ul>\n<p style=\"text-align: justify;\"><img loading=\"lazy\" decoding=\"async\" class=\"aligncenter\" src=\"https:\/\/locomotives-historiques-lausanne.ch\/nds\/wp-content\/uploads\/2023\/12\/K4-500081.jpg\" alt=\"\" width=\"800\" height=\"95\"><\/p>\n<ul>\n<li><span style=\"font-family: tahoma, arial, helvetica, sans-serif; font-size: 12pt;\">Wagon de marchandise L6 57186<\/span><\/li>\n<\/ul>\n<p style=\"text-align: justify;\"><img loading=\"lazy\" decoding=\"async\" class=\"aligncenter\" src=\"https:\/\/locomotives-historiques-lausanne.ch\/nds\/wp-content\/uploads\/2024\/05\/CH-000699-3RM_W_0100.jpg\" alt=\"\" width=\"800\" height=\"95\"><\/p>\n<ul>\n<li><span style=\"font-family: tahoma, arial, helvetica, sans-serif; font-size: 12pt;\">Wagon de marchandise J3 23074<\/span><\/li>\n<\/ul>\n<p><img loading=\"lazy\" decoding=\"async\" class=\"aligncenter\" src=\"https:\/\/locomotives-historiques-lausanne.ch\/nds\/wp-content\/uploads\/2023\/12\/J3.jpg\" alt=\"\" width=\"800\" height=\"96\"><\/p>\n<p><span style=\"font-family: tahoma, arial, helvetica, sans-serif; font-size: 12pt;\">&nbsp;<\/span><\/p>\n<h3><span style=\"font-family: tahoma, arial, helvetica, sans-serif; font-size: 14pt;\">Itin\u00e9raire<\/span><\/h3>\n<p><span style=\"font-family: tahoma, arial, helvetica, sans-serif; font-size: 12pt;\">Saint-Maurice &#8211; Le Bouvret<br>Le Bouvret &#8211; Saint-Maurice<\/span><\/p>\n<h3><span style=\"font-family: tahoma, arial, helvetica, sans-serif; font-size: 14pt;\">Programme du voyage<\/span><\/h3>\n<p><span style=\"font-family: tahoma, arial, helvetica, sans-serif; font-size: 12pt;\">09h09 au d\u00e9part de Saint-Maurice<br>10h25 au d\u00e9part de Le Bouveret<br>11h09 au d\u00e9part de Saint-Maurice<br>12h25 au d\u00e9part de Le Bouveret<br>13h09 au d\u00e9part de Saint-Maurice<br>14h25 au d\u00e9part de Le Bouveret<br>15h09 au d\u00e9part de Saint-Maurice<br>16h25 au d\u00e9part de Le Bouveret<\/span><\/p>\n<h3><span style=\"font-family: tahoma, arial, helvetica, sans-serif; font-size: 14pt;\">Prix<\/span><\/h3>\n<p><span style=\"font-family: tahoma, arial, helvetica, sans-serif; font-size: 12pt;\">AG\/Abonnement demi-tarif\/Adultes: CHF 39.\u2013\u202f<br>Enfants 6\u201316 ans: CHF 19.\u2013\u202f<\/span><\/p>\n<h3><span style=\"font-family: tahoma, arial, helvetica, sans-serif; font-size: 14pt;\">Informations<\/span><\/h3>\n<p><span style=\"font-family: tahoma, arial, helvetica, sans-serif; font-size: 12pt;\">\u2022 Inscription n\u00e9cessaire<br>\u2022 Prix forfaitaires par personne, hors frais de commande et frais de dossier Ticketcorner, en francs suisses.<br>\u2022 Les enfants de moins de 6 ans voyagent gratuitement sans si\u00e8ge.<br>\u2022 Veuillez v\u00e9rifier \u00e0 nouveau les horaires de d\u00e9part juste avant l&rsquo;\u00e9v\u00e9nement sur cffhistoric.ch<br>\u2022 Le num\u00e9ro de la voie sera indiqu\u00e9 sur le tableau des d\u00e9parts avec la mention \u00abTrain sp\u00e9cial\u00bb et l\u2019heure de d\u00e9part.<br>\u2022 Offre sous r\u00e9serve de modification de l\u2019horaire, du mat\u00e9riel roulant et du prix\/produit.<br>\u2022 Aucune r\u00e9duction ne peut \u00eatre accord\u00e9e en cas de modification d\u2019un itin\u00e9raire.<br>\u2022 Les conditions g\u00e9n\u00e9rales de CFF Historic sont valides (<a href=\"https:\/\/cffhistoric.ch\/cg-voyages-experiences\/\" target=\"_blank\" rel=\"noopener\">Voir les conditions<\/a>)<br><\/span><\/p>\n<h3><span style=\"font-family: tahoma, arial, helvetica, sans-serif; font-size: 14pt;\">Organisateur<\/span><\/h3>\n<p><span style=\"font-family: tahoma, arial, helvetica, sans-serif; font-size: 12pt;\">Une coop\u00e9ration entre RegionAlps SA, Swiss Vapeur Parc et CFF Historic<\/span><\/p>\n<h3><span style=\"font-family: tahoma, arial, helvetica, sans-serif; font-size: 14pt;\">R\u00e9servation<\/span><\/h3>\n<p><span style=\"font-family: tahoma, arial, helvetica, sans-serif; font-size: 12pt;\">R\u00e9servation \u00e0 tous les points de pr\u00e9location Ticketcorner, aupr\u00e8s de la hotline Ticketcorner au num\u00e9ro 0900 800 800 (CHF 1.19\/min, du lundi au dimanche, de 8h00 \u00e0 22h00) ou en ligne sur le site ticketcorner.ch. Tout achat de billet par t\u00e9l\u00e9phone aupr\u00e8s de Ticketcorner ou sur Internet g\u00e9n\u00e8re des frais de dossier qui peuvent varier en fonction du type de livraison et du mode de paiement. Prix TVA comprise. Sous r\u00e9serve de modifications des prix et des produits. \u00c9tat des prix: 1er d\u00e9cembre 2023.<\/span><\/p>\n\n\n<p><\/p>\n\n\n\n<div class=\"wp-block-buttons is-layout-flex wp-block-buttons-is-layout-flex\">\n<div class=\"wp-block-button is-style-fill\"><a class=\"wp-block-button__link has-sitebg-color has-text-color has-background has-link-color wp-element-button\" href=\"https:\/\/www.ticketcorner.ch\/fr\/artist\/sbb-historic-fahrten\/sbb-historic-au-swiss-vapeur-parc-en-train-de-marchandises-3540169\/?affiliate=GUI\" style=\"border-radius:0px;background-color:#fd0000\" target=\"_blank\" rel=\"noreferrer noopener\">TICKETS<\/a><\/div>\n<\/div>\n","protected":false},"excerpt":{"rendered":"<p>Sortie public du 16 juin 2024 (Plusieurs relations ce jour) &nbsp; Au Swiss Vapeur Parc en train de marchandises De nombreux pendulaires utilisent plusieurs moyens de transport: le v\u00e9lo, le bus et le train ne &hellip;<\/p>\n","protected":false},"author":1,"featured_media":0,"parent":0,"menu_order":0,"comment_status":"closed","ping_status":"closed","template":"","meta":{"ngg_post_thumbnail":0,"footnotes":""},"class_list":["post-12400","page","type-page","status-publish","hentry"],"_links":{"self":[{"href":"https:\/\/locomotives-historiques-lausanne.ch\/nds\/wp-json\/wp\/v2\/pages\/12400","targetHints":{"allow":["GET"]}}],"collection":[{"href":"https:\/\/locomotives-historiques-lausanne.ch\/nds\/wp-json\/wp\/v2\/pages"}],"about":[{"href":"https:\/\/locomotives-historiques-lausanne.ch\/nds\/wp-json\/wp\/v2\/types\/page"}],"author":[{"embeddable":true,"href":"https:\/\/locomotives-historiques-lausanne.ch\/nds\/wp-json\/wp\/v2\/users\/1"}],"replies":[{"embeddable":true,"href":"https:\/\/locomotives-historiques-lausanne.ch\/nds\/wp-json\/wp\/v2\/comments?post=12400"}],"version-history":[{"count":18,"href":"https:\/\/locomotives-historiques-lausanne.ch\/nds\/wp-json\/wp\/v2\/pages\/12400\/revisions"}],"predecessor-version":[{"id":12649,"href":"https:\/\/locomotives-historiques-lausanne.ch\/nds\/wp-json\/wp\/v2\/pages\/12400\/revisions\/12649"}],"wp:attachment":[{"href":"https:\/\/locomotives-historiques-lausanne.ch\/nds\/wp-json\/wp\/v2\/media?parent=12400"}],"curies":[{"name":"wp","href":"https:\/\/api.w.org\/{rel}","templated":true}]}}