{"id":11278,"date":"2021-05-24T12:25:12","date_gmt":"2021-05-24T10:25:12","guid":{"rendered":"https:\/\/locomotives-historiques-lausanne.ch\/nds\/?page_id=11278"},"modified":"2021-05-24T12:25:13","modified_gmt":"2021-05-24T10:25:13","slug":"projet-sputnik-1","status":"publish","type":"page","link":"https:\/\/locomotives-historiques-lausanne.ch\/nds\/projet-sputnik-1\/","title":{"rendered":"Projet Sputnik 1"},"content":{"rendered":"\n<p><strong><span style=\"font-size: 24pt;\">R\u00e9novation Db (Sputnik)<\/span><\/strong><\/p>\n<p>Un de nos projet en cour, et la r\u00e9novation d&rsquo;un wagon Db, appel\u00e9 aussi \u00ab\u00a0Sputnik\u00a0\u00bb, qui \u00e9tait utilis\u00e9 comme wagon d&rsquo;accompagnement de train de marchandise et servait de bureau au chef de train.<\/p>\n<p>Le but et de le ramener \u00e0 son \u00e9tat d&rsquo;origine, le plus fid\u00e8lement possible.<\/p>\n<p>Toute fois, certaine choses ne pourrons plus \u00eatre utilis\u00e9es, comme le chauffage \u00e0 gaz, par exemple, qui sera tout de m\u00eame install\u00e9, mais de fa\u00e7on d\u00e9corative. Un chauffage \u00e9lectrique 1000V sera pr\u00e9vu discr\u00e8tement sous les banquettes.<\/p>\n<p>Vous pouvez voir ci-dessous et en photos, l&rsquo;avancement des travaux. Si vous cliquez sur le diaporama, vous pourrez naviger dans l&rsquo;album \u00e0 votre guise accompagn\u00e9 des l\u00e9gendes.<\/p>\n\n\n\nngg_shortcode_0_placeholder\n\n\n\n<div class=\"wp-block-buttons is-layout-flex wp-block-buttons-is-layout-flex\"><\/div>\n\n\n","protected":false},"excerpt":{"rendered":"<p>R\u00e9novation Db (Sputnik) Un de nos projet en cour, et la r\u00e9novation d&rsquo;un wagon Db, appel\u00e9 aussi \u00ab\u00a0Sputnik\u00a0\u00bb, qui \u00e9tait utilis\u00e9 comme wagon d&rsquo;accompagnement de train de marchandise et servait de bureau au chef de &hellip;<\/p>\n","protected":false},"author":1,"featured_media":0,"parent":0,"menu_order":0,"comment_status":"closed","ping_status":"closed","template":"","meta":{"ngg_post_thumbnail":0,"footnotes":""},"class_list":["post-11278","page","type-page","status-publish","hentry"],"_links":{"self":[{"href":"https:\/\/locomotives-historiques-lausanne.ch\/nds\/wp-json\/wp\/v2\/pages\/11278","targetHints":{"allow":["GET"]}}],"collection":[{"href":"https:\/\/locomotives-historiques-lausanne.ch\/nds\/wp-json\/wp\/v2\/pages"}],"about":[{"href":"https:\/\/locomotives-historiques-lausanne.ch\/nds\/wp-json\/wp\/v2\/types\/page"}],"author":[{"embeddable":true,"href":"https:\/\/locomotives-historiques-lausanne.ch\/nds\/wp-json\/wp\/v2\/users\/1"}],"replies":[{"embeddable":true,"href":"https:\/\/locomotives-historiques-lausanne.ch\/nds\/wp-json\/wp\/v2\/comments?post=11278"}],"version-history":[{"count":10,"href":"https:\/\/locomotives-historiques-lausanne.ch\/nds\/wp-json\/wp\/v2\/pages\/11278\/revisions"}],"predecessor-version":[{"id":11501,"href":"https:\/\/locomotives-historiques-lausanne.ch\/nds\/wp-json\/wp\/v2\/pages\/11278\/revisions\/11501"}],"wp:attachment":[{"href":"https:\/\/locomotives-historiques-lausanne.ch\/nds\/wp-json\/wp\/v2\/media?parent=11278"}],"curies":[{"name":"wp","href":"https:\/\/api.w.org\/{rel}","templated":true}]}}