{"id":10917,"date":"2020-07-21T22:55:07","date_gmt":"2020-07-21T20:55:07","guid":{"rendered":"https:\/\/locomotives-historiques-lausanne.ch\/nds\/?page_id=10917"},"modified":"2024-08-02T20:54:02","modified_gmt":"2024-08-02T18:54:02","slug":"wagons2","status":"publish","type":"page","link":"https:\/\/locomotives-historiques-lausanne.ch\/nds\/wagons2\/","title":{"rendered":"wagons2"},"content":{"rendered":"\n<div class=\"wp-block-columns is-layout-flex wp-container-core-columns-is-layout-9d6595d7 wp-block-columns-is-layout-flex\">\n<div class=\"wp-block-column is-layout-flow wp-block-column-is-layout-flow\">\n<p style=\"text-align: left;\"><strong><span style=\"font-family: tahoma, arial, helvetica, sans-serif; font-size: 18pt;\">J3 \u00ab\u00a023074\u00a0\u00bb<\/span><\/strong><\/p>\n\n\n<\/div>\n\n\n\n<div class=\"wp-block-column is-layout-flow wp-block-column-is-layout-flow\">\n<p style=\"text-align: left;\"><strong><span style=\"font-size: 18pt; font-family: tahoma, arial, helvetica, sans-serif;\">UIC 40 85 9421 009-3<\/span><\/strong><\/p>\n\n\n<\/div>\n<\/div>\n\n\n\n<div class=\"wp-block-columns is-layout-flex wp-container-core-columns-is-layout-9d6595d7 wp-block-columns-is-layout-flex\">\n<div class=\"wp-block-column is-layout-flow wp-block-column-is-layout-flow\">\n\n\nngg_shortcode_0_placeholder\n<\/div>\n\n\n\n<div class=\"wp-block-column is-layout-flow wp-block-column-is-layout-flow\">\n<p><span style=\"font-family: tahoma, arial, helvetica, sans-serif; font-size: 12pt;\">Ann\u00e9e: 1907<\/span><br \/><span style=\"font-family: tahoma, arial, helvetica, sans-serif; font-size: 12pt;\"> Fabricant: SIG<\/span><br \/><span style=\"font-family: tahoma, arial, helvetica, sans-serif; font-size: 12pt;\"> Longueur hors tampons: 12,24m<\/span><\/p>\n\n\n<\/div>\n<\/div>\n\n\n\n<div style=\"height:100px\" aria-hidden=\"true\" class=\"wp-block-spacer\"><\/div>\n\n\n\n<div class=\"wp-block-columns is-layout-flex wp-container-core-columns-is-layout-9d6595d7 wp-block-columns-is-layout-flex\">\n<div class=\"wp-block-column is-layout-flow wp-block-column-is-layout-flow\">\n<p style=\"text-align: left;\"><strong><span style=\"font-family: tahoma, arial, helvetica, sans-serif; font-size: 18pt;\">K2<\/span><\/strong><\/p>\n\n\n<\/div>\n\n\n\n<div class=\"wp-block-column is-layout-flow wp-block-column-is-layout-flow\">\n<p style=\"text-align: left;\"><strong><span style=\"font-size: 18pt; font-family: tahoma, arial, helvetica, sans-serif;\">UIC 40 85 9405 074-7<\/span><\/strong><\/p>\n\n\n<\/div>\n<\/div>\n\n\n\n<div class=\"wp-block-columns is-layout-flex wp-container-core-columns-is-layout-9d6595d7 wp-block-columns-is-layout-flex\">\n<div class=\"wp-block-column is-layout-flow wp-block-column-is-layout-flow\">\n\n\nngg_shortcode_1_placeholder\n<\/div>\n\n\n\n<div class=\"wp-block-column is-layout-flow wp-block-column-is-layout-flow\">\n<p><span style=\"font-family: tahoma, arial, helvetica, sans-serif; font-size: 12pt;\">Ann\u00e9e: 1905<\/span><br \/><span style=\"font-size: 12pt;\"><span style=\"font-family: tahoma, arial, helvetica, sans-serif;\"> Longueur hors tampons: 8,34m<br \/>Poids: 9-10 t<br \/>Surface de plancher: 17,5m2<br \/>Capacit\u00e9: 40m3<br \/>Frein: <\/span><span style=\"font-family: tahoma, arial, helvetica, sans-serif;\">0-GP<br \/>Vmax: 100 km\/h<\/span><\/span><\/p>\n\n\n<\/div>\n<\/div>\n\n\n\n<div style=\"height:100px\" aria-hidden=\"true\" class=\"wp-block-spacer\"><\/div>\n\n\n\n<div class=\"wp-block-columns is-layout-flex wp-container-core-columns-is-layout-9d6595d7 wp-block-columns-is-layout-flex\">\n<div class=\"wp-block-column is-layout-flow wp-block-column-is-layout-flow\">\n<p style=\"text-align: left;\"><strong><span style=\"font-family: tahoma, arial, helvetica, sans-serif; font-size: 18pt;\">K3 \u00ab\u00a043686\u00a0\u00bb<\/span><\/strong><\/p>\n\n\n<\/div>\n\n\n\n<div class=\"wp-block-column is-layout-flow wp-block-column-is-layout-flow\">\n<p style=\"text-align: left;\"><strong><span style=\"font-size: 18pt; font-family: tahoma, arial, helvetica, sans-serif;\">UIC 40 85 9445 200-0<\/span><\/strong><\/p>\n\n\n<\/div>\n<\/div>\n\n\n\n<div class=\"wp-block-columns is-layout-flex wp-container-core-columns-is-layout-9d6595d7 wp-block-columns-is-layout-flex\">\n<div class=\"wp-block-column is-layout-flow wp-block-column-is-layout-flow\">\n\n\nngg_shortcode_2_placeholder\n<\/div>\n\n\n\n<div class=\"wp-block-column is-layout-flow wp-block-column-is-layout-flow\">\n<p><span style=\"font-family: tahoma, arial, helvetica, sans-serif; font-size: 12pt;\">Ann\u00e9e: 1916<br \/>Fabricant: SIG<\/span><br \/><span style=\"font-family: tahoma, arial, helvetica, sans-serif; font-size: 12pt;\"> Longueur hors tampons: 9,83m<\/span><\/p>\n\n\n<\/div>\n<\/div>\n\n\n\n<div style=\"height:100px\" aria-hidden=\"true\" class=\"wp-block-spacer\"><\/div>\n\n\n\n<div class=\"wp-block-columns is-layout-flex wp-container-core-columns-is-layout-9d6595d7 wp-block-columns-is-layout-flex\">\n<div class=\"wp-block-column is-layout-flow wp-block-column-is-layout-flow\">\n<p style=\"text-align: left;\"><strong><span style=\"font-family: tahoma, arial, helvetica, sans-serif; font-size: 18pt;\">K4 \u00ab\u00a049361\u00a0\u00bb<\/span><\/strong><\/p>\n\n\n<\/div>\n\n\n\n<div class=\"wp-block-column is-layout-flow wp-block-column-is-layout-flow\">\n<p style=\"text-align: left;\"><strong><span style=\"font-size: 18pt; font-family: tahoma, arial, helvetica, sans-serif;\">UIC 40 85 9525 036-1<\/span><\/strong><\/p>\n\n\n<\/div>\n<\/div>\n\n\n\n<div class=\"wp-block-columns is-layout-flex wp-container-core-columns-is-layout-9d6595d7 wp-block-columns-is-layout-flex\">\n<div class=\"wp-block-column is-layout-flow wp-block-column-is-layout-flow\">\n\n\nngg_shortcode_3_placeholder\n<\/div>\n\n\n\n<div class=\"wp-block-column is-layout-flow wp-block-column-is-layout-flow\">\n<p><span style=\"font-family: tahoma, arial, helvetica, sans-serif; font-size: 12pt;\">Ann\u00e9e: 1959<\/span><br \/><span style=\"font-family: tahoma, arial, helvetica, sans-serif; font-size: 12pt;\"> Longueur hors tampons: 10,58m<br \/>Poids: 11,5 t<br \/>Surface de plancher: 25m2<br \/>Capacit\u00e9: 63m3<br \/>Frein: 0-GP(L)<br \/>Vmax: 90km\/h<\/span><\/p>\n\n\n<\/div>\n<\/div>\n\n\n\n<div style=\"height:100px\" aria-hidden=\"true\" class=\"wp-block-spacer\"><\/div>\n\n\n\n<div class=\"wp-block-columns is-layout-flex wp-container-core-columns-is-layout-9d6595d7 wp-block-columns-is-layout-flex\">\n<div class=\"wp-block-column is-layout-flow wp-block-column-is-layout-flow\">\n<p style=\"text-align: left;\"><strong><span style=\"font-family: tahoma, arial, helvetica, sans-serif; font-size: 18pt;\">K4 \u00ab\u00a050610\u00a0\u00bb<\/span><\/strong><\/p>\n\n\n<\/div>\n\n\n\n<div class=\"wp-block-column is-layout-flow wp-block-column-is-layout-flow\">\n<p style=\"text-align: left;\"><strong><span style=\"font-size: 18pt; font-family: tahoma, arial, helvetica, sans-serif;\">UIC 40 85 9525 037-9<\/span><\/strong><\/p>\n\n\n<\/div>\n<\/div>\n\n\n\n<div class=\"wp-block-columns is-layout-flex wp-container-core-columns-is-layout-9d6595d7 wp-block-columns-is-layout-flex\">\n<div class=\"wp-block-column is-layout-flow wp-block-column-is-layout-flow\">\n\n\nngg_shortcode_4_placeholder\n<\/div>\n\n\n\n<div class=\"wp-block-column is-layout-flow wp-block-column-is-layout-flow\">\n<p><span style=\"font-family: tahoma, arial, helvetica, sans-serif; font-size: 12pt;\">Ann\u00e9e: 1959<\/span><br \/><span style=\"font-family: tahoma, arial, helvetica, sans-serif; font-size: 12pt;\"> Longueur hors tampons: 10,58m<br \/>Poids: 11,5 t<br \/>Surface de plancher: 25m2<br \/>Capacit\u00e9: 63m3<br \/>Frein: 0-GP(L)<br \/>Vmax: 90km\/h<\/span><\/p>\n\n\n<\/div>\n<\/div>\n\n\n\n<div style=\"height:100px\" aria-hidden=\"true\" class=\"wp-block-spacer\"><\/div>\n\n\n\n<div class=\"wp-block-columns is-layout-flex wp-container-core-columns-is-layout-9d6595d7 wp-block-columns-is-layout-flex\">\n<div class=\"wp-block-column is-layout-flow wp-block-column-is-layout-flow\">\n<p style=\"text-align: left;\"><strong><span style=\"font-family: tahoma, arial, helvetica, sans-serif; font-size: 18pt;\">L6 \u00ab\u00a057186\u00a0\u00bb<\/span><\/strong><\/p>\n\n\n<\/div>\n\n\n\n<div class=\"wp-block-column is-layout-flow wp-block-column-is-layout-flow\">\n<p style=\"text-align: left;\"><strong><span style=\"font-size: 18pt; font-family: tahoma, arial, helvetica, sans-serif;\">UIC 40 85 9425 049-5<\/span><\/strong><\/p>\n\n\n<\/div>\n<\/div>\n\n\n\n<div class=\"wp-block-columns is-layout-flex wp-container-core-columns-is-layout-9d6595d7 wp-block-columns-is-layout-flex\">\n<div class=\"wp-block-column is-layout-flow wp-block-column-is-layout-flow\">\n\n\nngg_shortcode_5_placeholder\n<\/div>\n\n\n\n<div class=\"wp-block-column is-layout-flow wp-block-column-is-layout-flow\">\n<p><span style=\"font-family: tahoma, arial, helvetica, sans-serif; font-size: 12pt;\">Ann\u00e9e: 1918<br \/>Constructeur: SIG Neuhausen<\/span><br \/><span style=\"font-family: tahoma, arial, helvetica, sans-serif; font-size: 12pt;\"> Longueur hors tampons: 10,58m<\/span><\/p>\n\n\n<\/div>\n<\/div>\n\n\n\n<div style=\"height:100px\" aria-hidden=\"true\" class=\"wp-block-spacer\"><\/div>\n\n\n\n<div class=\"wp-block-columns is-layout-flex wp-container-core-columns-is-layout-9d6595d7 wp-block-columns-is-layout-flex\">\n<div class=\"wp-block-column is-layout-flow wp-block-column-is-layout-flow\">\n<p style=\"text-align: left;\"><strong><span style=\"font-family: tahoma, arial, helvetica, sans-serif; font-size: 18pt;\">X \u00ab\u00a0534471\u00a0\u00bb<\/span><\/strong><\/p>\n\n\n<\/div>\n\n\n\n<div class=\"wp-block-column is-layout-flow wp-block-column-is-layout-flow\">\n<p style=\"text-align: left;\"><strong><span style=\"font-size: 18pt; font-family: tahoma, arial, helvetica, sans-serif;\">UIC 40 85 9402 000-5<\/span><\/strong><\/p>\n\n\n<\/div>\n<\/div>\n\n\n\n<div class=\"wp-block-columns is-layout-flex wp-container-core-columns-is-layout-9d6595d7 wp-block-columns-is-layout-flex\">\n<div class=\"wp-block-column is-layout-flow wp-block-column-is-layout-flow\">\n\n\nngg_shortcode_6_placeholder\n<\/div>\n\n\n\n<div class=\"wp-block-column is-layout-flow wp-block-column-is-layout-flow\">\n<p><span style=\"font-family: tahoma, arial, helvetica, sans-serif; font-size: 12pt;\">Ann\u00e9e: 1918<\/span><br \/><span style=\"font-family: tahoma, arial, helvetica, sans-serif; font-size: 12pt;\"> Longueur hors tampons: 8,9m<br \/>Poids: 10,8 t<br \/>Capacit\u00e9: 15&rsquo;120 Litres<br \/>Frein: Frein \u00e0 main<br \/>Vmax: 80 km\/h<\/span><\/p>\n\n\n<\/div>\n<\/div>\n\n\n\n<div style=\"height:100px\" aria-hidden=\"true\" class=\"wp-block-spacer\"><\/div>\n\n\n\n<div class=\"wp-block-columns is-layout-flex wp-container-core-columns-is-layout-9d6595d7 wp-block-columns-is-layout-flex\">\n<div class=\"wp-block-column is-layout-flow wp-block-column-is-layout-flow\">\n<p style=\"text-align: left;\"><strong><span style=\"font-family: tahoma, arial, helvetica, sans-serif; font-size: 18pt;\">M6 \u00ab\u00a067587\u00a0\u00bb<\/span><\/strong><\/p>\n\n\n<\/div>\n\n\n\n<div class=\"wp-block-column is-layout-flow wp-block-column-is-layout-flow\">\n<p style=\"text-align: left;\"><strong><span style=\"font-size: 18pt; font-family: tahoma, arial, helvetica, sans-serif;\">UIC 40 85 9425 050-3<\/span><\/strong><\/p>\n\n\n<\/div>\n<\/div>\n\n\n\n<div class=\"wp-block-columns is-layout-flex wp-container-core-columns-is-layout-9d6595d7 wp-block-columns-is-layout-flex\">\n<div class=\"wp-block-column is-layout-flow wp-block-column-is-layout-flow\">\n\n\nngg_shortcode_7_placeholder\n<\/div>\n\n\n\n<div class=\"wp-block-column is-layout-flow wp-block-column-is-layout-flow\">\n<p><span style=\"font-family: tahoma, arial, helvetica, sans-serif; font-size: 12pt;\">Ann\u00e9e: 1912<\/span><br \/><span style=\"font-family: tahoma, arial, helvetica, sans-serif; font-size: 12pt;\"> Longueur hors tampons: 12m<br \/>Poids: 10 t<br \/>Surface de plancher: 27,5m2<br \/>Frein: DR<\/span><\/p>\n<p><span style=\"font-size: 12pt;\"><em><span style=\"font-family: tahoma, arial, helvetica, sans-serif;\">Actuellement en expo au:<br \/><a href=\"https:\/\/www.verkehrshaus.ch\/fr\" target=\"_blank\" rel=\"noopener noreferrer\"><strong>Mus\u00e9e Suisse des Transports de Lucerne<\/strong><\/a><\/span><\/em><\/span><\/p>\n\n\n<\/div>\n<\/div>\n\n\n\n<div style=\"height:100px\" aria-hidden=\"true\" class=\"wp-block-spacer\"><\/div>\n\n\n\n<div class=\"wp-block-columns is-layout-flex wp-container-core-columns-is-layout-9d6595d7 wp-block-columns-is-layout-flex\">\n<div class=\"wp-block-column is-layout-flow wp-block-column-is-layout-flow\">\n<p style=\"text-align: left;\"><strong><span style=\"font-family: tahoma, arial, helvetica, sans-serif; font-size: 18pt;\">P \u00ab\u00a0520267\u00a0\u00bb<\/span><\/strong><\/p>\n\n\n<\/div>\n\n\n\n<div class=\"wp-block-column is-layout-flow wp-block-column-is-layout-flow\">\n<p style=\"text-align: left;\"><strong><span style=\"font-size: 18pt; font-family: tahoma, arial, helvetica, sans-serif;\">UIC 40 85 9402 001-3<\/span><\/strong><\/p>\n\n\n<\/div>\n<\/div>\n\n\n\n<div class=\"wp-block-columns is-layout-flex wp-container-core-columns-is-layout-9d6595d7 wp-block-columns-is-layout-flex\">\n<div class=\"wp-block-column is-layout-flow wp-block-column-is-layout-flow\">\n\n\nngg_shortcode_8_placeholder\n<\/div>\n\n\n\n<div class=\"wp-block-column is-layout-flow wp-block-column-is-layout-flow\">\n<p><span style=\"font-family: tahoma, arial, helvetica, sans-serif; font-size: 12pt;\">Ann\u00e9e: 1916<\/span><br \/><span style=\"font-family: tahoma, arial, helvetica, sans-serif; font-size: 12pt;\"> Longueur hors tampons: 9,8m<br \/>Capacit\u00e9: 1 x 6&rsquo;670 L et 1 x 6&rsquo;650 L<br \/>Frein: DrGP<br \/>Vmax: 80 km\/h<\/span><\/p>\n<p><span style=\"font-family: tahoma, arial, helvetica, sans-serif; font-size: 12pt;\"><em>Enti\u00e8rement refais par l&rsquo;association 10264<\/em><\/span><\/p>\n\n\n<\/div>\n<\/div>\n\n\n\n<div style=\"height:100px\" aria-hidden=\"true\" class=\"wp-block-spacer\"><\/div>\n\n\n\n<div class=\"wp-block-columns is-layout-flex wp-container-core-columns-is-layout-9d6595d7 wp-block-columns-is-layout-flex\">\n<div class=\"wp-block-column is-layout-flow wp-block-column-is-layout-flow\">\n<p style=\"text-align: left;\"><strong><span style=\"font-family: tahoma, arial, helvetica, sans-serif; font-size: 18pt;\">Ucs \u00ab\u00a0276\u00a0\u00bb<\/span><\/strong><\/p>\n\n\n<\/div>\n\n\n\n<div class=\"wp-block-column is-layout-flow wp-block-column-is-layout-flow\">\n<p style=\"text-align: left;\"><strong><span style=\"font-size: 18pt; font-family: tahoma, arial, helvetica, sans-serif;\">UIC 21 85 9104 276-5<\/span><\/strong><\/p>\n\n\n<\/div>\n<\/div>\n\n\n\n<div class=\"wp-block-columns is-layout-flex wp-container-core-columns-is-layout-9d6595d7 wp-block-columns-is-layout-flex\">\n<div class=\"wp-block-column is-layout-flow wp-block-column-is-layout-flow\">\n\n\nngg_shortcode_9_placeholder\n<\/div>\n\n\n\n<div class=\"wp-block-column is-layout-flow wp-block-column-is-layout-flow\">\n<p><span style=\"font-family: tahoma, arial, helvetica, sans-serif; font-size: 12pt;\">Ann\u00e9e: 1916<\/span><br \/><span style=\"font-family: tahoma, arial, helvetica, sans-serif; font-size: 12pt;\"> Longueur hors tampons: 8,6m<br \/>Poids: 13 t<br \/>Capacit\u00e9: 219&rsquo;000 L<br \/>Frein: 0-GP (L)<br \/>Vmax: 100 km\/h<\/span><\/p>\n\n\n<\/div>\n<\/div>\n","protected":false},"excerpt":{"rendered":"<p>J3 \u00ab\u00a023074\u00a0\u00bb UIC 40 85 9421 009-3 Ann\u00e9e: 1907 Fabricant: SIG Longueur hors tampons: 12,24m K2 UIC 40 85 9405 074-7 Ann\u00e9e: 1905 Longueur hors tampons: 8,34mPoids: 9-10 tSurface de plancher: 17,5m2Capacit\u00e9: 40m3Frein: 0-GPVmax: 100 &hellip;<\/p>\n","protected":false},"author":1,"featured_media":0,"parent":0,"menu_order":0,"comment_status":"closed","ping_status":"closed","template":"","meta":{"ngg_post_thumbnail":0,"footnotes":""},"class_list":["post-10917","page","type-page","status-publish","hentry"],"_links":{"self":[{"href":"https:\/\/locomotives-historiques-lausanne.ch\/nds\/wp-json\/wp\/v2\/pages\/10917","targetHints":{"allow":["GET"]}}],"collection":[{"href":"https:\/\/locomotives-historiques-lausanne.ch\/nds\/wp-json\/wp\/v2\/pages"}],"about":[{"href":"https:\/\/locomotives-historiques-lausanne.ch\/nds\/wp-json\/wp\/v2\/types\/page"}],"author":[{"embeddable":true,"href":"https:\/\/locomotives-historiques-lausanne.ch\/nds\/wp-json\/wp\/v2\/users\/1"}],"replies":[{"embeddable":true,"href":"https:\/\/locomotives-historiques-lausanne.ch\/nds\/wp-json\/wp\/v2\/comments?post=10917"}],"version-history":[{"count":36,"href":"https:\/\/locomotives-historiques-lausanne.ch\/nds\/wp-json\/wp\/v2\/pages\/10917\/revisions"}],"predecessor-version":[{"id":12796,"href":"https:\/\/locomotives-historiques-lausanne.ch\/nds\/wp-json\/wp\/v2\/pages\/10917\/revisions\/12796"}],"wp:attachment":[{"href":"https:\/\/locomotives-historiques-lausanne.ch\/nds\/wp-json\/wp\/v2\/media?parent=10917"}],"curies":[{"name":"wp","href":"https:\/\/api.w.org\/{rel}","templated":true}]}}